{"id":8011,"date":"2019-05-14T00:58:13","date_gmt":"2019-05-14T00:58:13","guid":{"rendered":"http:\/\/ninzio.com\/bauer\/?page_id=8011"},"modified":"2022-06-22T02:52:02","modified_gmt":"2022-06-22T02:52:02","slug":"inicio","status":"publish","type":"page","link":"https:\/\/ecoyeso.com.py\/","title":{"rendered":"Inicio"},"content":{"rendered":"<p>[vc_row][vc_column][rev_slider_vc alias=\u00bbslider-4&#8243;][\/vc_column][\/vc_row][vc_row css=\u00bb.vc_custom_1557802417323{background-image: url(https:\/\/ecoyeso.com.py\/wp-content\/uploads\/2019\/05\/section-about.png?id=8046) !important;background-position: center !important;background-repeat: no-repeat !important;background-size: cover !important;}\u00bb][vc_column]\r\n\t<div class=\"bauer-spacer clearfix\" data-desktop=\"100\" data-mobi=\"60\" data-smobi=\"60\"><\/div>[vc_row_inner][vc_column_inner width=\u00bb1\/2&#8243;]\r\n\t<div class=\"bauer-spacer clearfix\" data-desktop=\"45\" data-mobi=\"0\" data-smobi=\"0\"><\/div><h2 class=\"bauer-text clearfix text-center\" style=\"font-size:42px;line-height:50px;margin-bottom:32px;\"><p><span class=\"font-weight-300\">Propiedad de<\/span> ECOYESO<\/p>\n<\/h2><div class=\"bauer-text clearfix \" style=\"margin-bottom:48px;\"><p style=\"text-align: justify;\">Desde sus inicios EcoYeso se dedic\u00f3 b\u00e1sicamente a la fabricaci\u00f3n y venta de molduras de yeso para cielorrasos. Con el tiempo, los clientes, tanto profesionales como propietarios manifestaron sus deseos de contar con el excelente servicio de la Empresa para \u00e1reas de la construcci\u00f3n.<\/p>\n<p style=\"text-align: justify;\">Hoy, EcoYeso contin\u00faa apostando a la innovaci\u00f3n, influyendo en las tendencias en el dise\u00f1o del hogar, el espacio comercial y arquitect\u00f3nico. Fabricamos productos a base de yeso, como placas de yeso y cornisas o molduras para terminaciones.<\/p>\n<\/div><div class=\"bauer-icon-box clearfix icon-left align-left  simple\" style=\"background-color:#f7f9fa;padding:22px 25px 22px 25px;border-radius:5px;\" ><div class=\"wrap-inner\" style=\"position: relative;\"><div class=\"bauer-icon icon-451381739 custom accent-bg\"  data-icon=\"#ffffff\">\r\n\t\t\t\t<span class=\"icon\" style=\"font-size:18px;width:42px;height:42px;border-style:solid;border-radius:21px;line-height:44px; box-shadow: 0px 0px 0px 4px rgba(243,92,39,0.2)\"><i class=\"elegant-icon_mail\"><\/i><\/span>\r\n\t\t\t<\/div> <h4 class=\"heading \" style=\"padding-left:59px;color:#777777;font-size:15px;line-height:20px;\">\r\n\t\t\t<span>Correo electr\u00f3nico<\/span>\r\n\t\t<\/h4><div class=\"desc\" style=\"padding-left:59px;\"><p><span class=\"text-accent-color font-weight-500 underline-dashed\">ventas@ecoyeso.com.py<\/span><\/p>\n<\/div> <\/div><\/div><div class=\"bauer-icon-box clearfix icon-left align-left  simple\" style=\"background-color:#f7f9fa;padding:22px 25px 22px 25px;border-radius:5px;\" ><div class=\"wrap-inner\" style=\"position: relative;\"><div class=\"bauer-icon icon-729905516 custom accent-bg\"  data-icon=\"#ffffff\">\r\n\t\t\t\t<span class=\"icon\" style=\"font-size:18px;width:42px;height:42px;border-style:solid;border-radius:21px;line-height:44px; box-shadow: 0px 0px 0px 4px rgba(243,92,39,0.2)\"><i class=\"elegant-icon_phone\"><\/i><\/span>\r\n\t\t\t<\/div> <h4 class=\"heading \" style=\"padding-left:59px;color:#777777;font-size:15px;line-height:20px;\">\r\n\t\t\t<span>Contacto<\/span>\r\n\t\t<\/h4><div class=\"desc\" style=\"padding-left:59px;\"><p><span>0972-412 258 y 021-950 018<\/span><\/p>\n<\/div> <\/div><\/div>\r\n\t<div class=\"bauer-spacer clearfix\" data-desktop=\"50\" data-mobi=\"10\" data-smobi=\"10\"><\/div><div class=\"button-wrap icon-right\" style=\"\" ><a href=\"https:\/\/ecoyeso.com.py\/index.php\/contact-us\/\" target=\"_self\" class=\"bauer-button btn-1262310094 medium no_icon accent\" style=\"border-radius:30px;\"  data-text=\"#ffffff\" data-text-hover=\"#ffffff\" data-background-hover=\"#f35c27\">\r\n\t\t<span style=\"\">Solicitar presupuesto <\/span>\r\n\t<\/a><\/div>\r\n\t<div class=\"bauer-spacer clearfix\" data-desktop=\"0\" data-mobi=\"30\" data-smobi=\"30\"><\/div>[\/vc_column_inner][vc_column_inner width=\u00bb1\/2&#8243;]<div class=\"bauer-carousel-box arrow-style-1 arrow-center offsetcenter offset-v0 has-bullets arrow50\" data-auto=\"false\" data-loop=\"false\" data-gap=\"30\" data-column=\"1\" data-column2=\"1\" data-column3=\"1\">\r\n        <div class=\"owl-carousel owl-theme\"><div class=\"bauer-simple-image text-center\" style=\"border-radius:10px;overflow:hidden;\" >\r\n\t\t\t<img decoding=\"async\" alt=\"image\" src=\"https:\/\/ecoyeso.com.py\/wp-content\/uploads\/2022\/04\/Joven-Ecoyeso.jpeg\" \/> \r\n\t\t<\/div><div class=\"bauer-simple-image text-center\" style=\"border-radius:10px;overflow:hidden;\" >\r\n\t\t\t<img decoding=\"async\" alt=\"image\" src=\"https:\/\/ecoyeso.com.py\/wp-content\/uploads\/2022\/04\/Joven-Ecoyeso-2.jpeg\" \/> \r\n\t\t<\/div><div class=\"bauer-simple-image text-center\" style=\"border-radius:10px;overflow:hidden;\" >\r\n\t\t\t<img decoding=\"async\" alt=\"image\" src=\"https:\/\/ecoyeso.com.py\/wp-content\/uploads\/2022\/04\/Joven-Ecoyeso-3.jpeg\" \/> \r\n\t\t<\/div><\/div>\r\n\t<\/div>[\/vc_column_inner][\/vc_row_inner]\r\n\t<div class=\"bauer-spacer clearfix\" data-desktop=\"100\" data-mobi=\"50\" data-smobi=\"50\"><\/div>[\/vc_column][\/vc_row][vc_row css=\u00bb.vc_custom_1650479171799{background-image: url(https:\/\/ecoyeso.com.py\/wp-content\/uploads\/2022\/04\/Ecoyeso-Fondo-1-modified.jpeg?id=9618) !important;background-position: center !important;background-repeat: no-repeat !important;background-size: cover !important;}\u00bb][vc_column]\r\n\t<div class=\"bauer-spacer clearfix\" data-desktop=\"100\" data-mobi=\"60\" data-smobi=\"60\"><\/div><div class=\"bauer-grid-box clearfix grid4 border-dark v-30 h-15 no-border-wrap\" data-grid=\"4\" >\r\n\t\t<div class=\"bauer-counter clearfix style-2 \" ><div class=\"inner\"><div class=\"left-wrap\" style=\"width:43%\"><div class=\"icon \" style=\"font-size:50px; line-height: normal;line-height:40px;color:#ffffff;margin-right:20px;\"><i class=\"bauerico-plan\"><\/i><\/div><\/div><div class=\"right-wrap\" style=\"width:57%\"><h3 class=\"number-wrap\" style=\"color:#ffffff;font-weight:400;font-size:42px;\"><span class=\"prefix \" style=\"\"><\/span><span class=\"number \" data-speed=\"5000\" data-from=\"0\" data-to=\"1037\"> 1037<\/span><span class=\"suffix \" style=\"\"><\/span><\/h3><\/div><\/div><h5 class=\"heading\" style=\"color:#ffffff;font-size:18px;margin-top:10px;\">\r\n\t\tProyectos completados\r\n\t<\/h5><\/div><div class=\"bauer-counter clearfix style-2 \" ><div class=\"inner\"><div class=\"left-wrap\" style=\"width:43%\"><div class=\"icon \" style=\"font-size:50px; line-height: normal;line-height:40px;color:#ffffff;margin-right:20px;\"><i class=\"bauerico-helmet\"><\/i><\/div><\/div><div class=\"right-wrap\" style=\"width:57%\"><h3 class=\"number-wrap\" style=\"color:#ffffff;font-weight:400;font-size:42px;\"><span class=\"prefix \" style=\"\"><\/span><span class=\"number \" data-speed=\"5000\" data-from=\"0\" data-to=\"5798\"> 5798<\/span><span class=\"suffix \" style=\"\"><\/span><\/h3><\/div><\/div><h5 class=\"heading\" style=\"color:#ffffff;font-size:18px;margin-top:10px;\">\r\n\t\tUsuarios\r\n\t<\/h5><\/div><div class=\"bauer-counter clearfix style-2 \" ><div class=\"inner\"><div class=\"left-wrap\" style=\"width:43%\"><div class=\"icon \" style=\"font-size:50px; line-height: normal;line-height:40px;color:#ffffff;margin-right:20px;\"><i class=\"bauerico-constructor\"><\/i><\/div><\/div><div class=\"right-wrap\" style=\"width:57%\"><h3 class=\"number-wrap\" style=\"color:#ffffff;font-weight:400;font-size:42px;\"><span class=\"prefix \" style=\"\"><\/span><span class=\"number \" data-speed=\"5000\" data-from=\"0\" data-to=\"747\"> 747<\/span><span class=\"suffix \" style=\"color:#ffffff;\">+<\/span><\/h3><\/div><\/div><h5 class=\"heading\" style=\"color:#ffffff;font-size:18px;margin-top:10px;\">\r\n\t\tClientes satisfechos\r\n\t<\/h5><\/div><div class=\"bauer-counter clearfix style-2 \" ><div class=\"inner\"><div class=\"left-wrap\" style=\"width:43%\"><div class=\"icon \" style=\"font-size:50px; line-height: normal;line-height:40px;color:#ffffff;margin-right:20px;\"><i class=\"bauerico-brickwall\"><\/i><\/div><\/div><div class=\"right-wrap\" style=\"width:57%\"><h3 class=\"number-wrap\" style=\"color:#ffffff;font-weight:400;font-size:42px;\"><span class=\"prefix \" style=\"\"><\/span><span class=\"number \" data-speed=\"5000\" data-from=\"0\" data-to=\"30\"> 30<\/span><span class=\"suffix \" style=\"color:#ffffff;\">+<\/span><\/h3><\/div><\/div><h5 class=\"heading\" style=\"color:#ffffff;font-size:18px;margin-top:10px;\">\r\n\t\tTipos de producto\r\n\t<\/h5><\/div>\n\r\n\t<\/div>\r\n\t<div class=\"bauer-spacer clearfix\" data-desktop=\"100\" data-mobi=\"60\" data-smobi=\"60\"><\/div>[\/vc_column][\/vc_row][vc_row fullwidth=\u00bbyes\u00bb css=\u00bb.vc_custom_1557803188334{background-color: #f7f9fa !important;}\u00bb][vc_column]\r\n\t<div class=\"bauer-spacer clearfix\" data-desktop=\"94\" data-mobi=\"60\" data-smobi=\"60\"><\/div><div class=\"bauer-content-box clearfix \" data-padding=\"0px 15px 0px 15px\" data-mobipadding=\"0px 15px 0px 15px\" data-margin=\"\" data-mobimargin=\"\" >\r\n\t\t<div class=\"inner ctb-1734949105\" style=\"\"  data-background=\"\">\r\n\t\t\t<div class=\"bauer-single-heading clearfix text-center\" style=\"margin-bottom:24px;\"><span class=\"inner\"><span class=\"heading clearfix \" style=\"font-weight:600;color:#777777;font-size:16px;\">\r\n\t\tNuestros proyectos\r\n\t<\/span><\/span><\/div><h2 class=\"bauer-text clearfix text-center\" style=\"font-size:42px;line-height:50px;margin-bottom:30px;max-width:730px;margin-left: auto; margin-right: auto;\"><p>Vea nuestros proyectos a continuaci\u00f3n, luego p\u00f3ngase en contacto con nosotros<\/p>\n<\/h2><div class=\"bauer-text clearfix text-center\" style=\"font-size:18px;line-height:30px;color:#414042;max-width:730px;margin-left: auto; margin-right: auto;\"><p>Estamos orgullosos de mostrarles nuestros \u00faltimos proyectos. Encontrar\u00e1 una diversa galer\u00eda de desarrollos, remodelaciones, ampliaciones y nuevas construcciones<\/p>\n<\/div>\r\n\t\t<\/div>\r\n\t<\/div>\r\n\t<div class=\"bauer-spacer clearfix\" data-desktop=\"70\" data-mobi=\"40\" data-smobi=\"40\"><\/div><div class=\"bauer-images-carousel  arrow-center has-arrows\" data-auto=\"true\" data-loop=\"true\" data-gap=\"-1\" data-column=\"3\" data-column2=\"2\" data-column3=\"1\">\r\n        <div class=\"owl-carousel owl-theme\"><div class=\"item-wrap\"><img decoding=\"async\" src=\"https:\/\/ecoyeso.com.py\/wp-content\/uploads\/2022\/04\/Eco-1-modified.jpeg\" alt=\"Image\"><\/div><div class=\"item-wrap\"><img decoding=\"async\" src=\"https:\/\/ecoyeso.com.py\/wp-content\/uploads\/2022\/04\/Eco-3-modified.jpeg\" alt=\"Image\"><\/div><div class=\"item-wrap\"><img decoding=\"async\" src=\"https:\/\/ecoyeso.com.py\/wp-content\/uploads\/2022\/04\/Eco-4-modified.jpeg\" alt=\"Image\"><\/div><div class=\"item-wrap\"><img decoding=\"async\" src=\"https:\/\/ecoyeso.com.py\/wp-content\/uploads\/2022\/04\/Eco-5-modified.jpeg\" alt=\"Image\"><\/div><div class=\"item-wrap\"><img decoding=\"async\" src=\"https:\/\/ecoyeso.com.py\/wp-content\/uploads\/2022\/04\/Eco-6-modified.jpeg\" alt=\"Image\"><\/div><div class=\"item-wrap\"><img decoding=\"async\" src=\"https:\/\/ecoyeso.com.py\/wp-content\/uploads\/2022\/04\/Eco-7-modified.jpeg\" alt=\"Image\"><\/div><div class=\"item-wrap\"><img decoding=\"async\" src=\"https:\/\/ecoyeso.com.py\/wp-content\/uploads\/2022\/04\/Eco-8-modified.jpeg\" alt=\"Image\"><\/div><\/div><\/div>\r\n\t<div class=\"bauer-spacer clearfix\" data-desktop=\"50\" data-mobi=\"50\" data-smobi=\"50\"><\/div><div class=\"bauer-align-box text-center\"><\/div>\r\n\t<div class=\"bauer-spacer clearfix\" data-desktop=\"50\" data-mobi=\"50\" data-smobi=\"50\"><\/div>[\/vc_column][\/vc_row][vc_row css=\u00bb.vc_custom_1557825100635{background-image: url(https:\/\/ecoyeso.com.py\/wp-content\/uploads\/2019\/05\/section-bg1-2.png?id=8072) !important;background-position: center !important;background-repeat: no-repeat !important;background-size: cover !important;}\u00bb][vc_column]\r\n\t<div class=\"bauer-spacer clearfix\" data-desktop=\"94\" data-mobi=\"60\" data-smobi=\"60\"><\/div>[vc_row_inner][vc_column_inner width=\u00bb1\/2&#8243;][vc_empty_space]<h2 class=\"bauer-text clearfix text-center\" style=\"font-size:42px;line-height:50px;color:#030f27;\"><p>Perfil de la empresa<\/p>\n<\/h2>[vc_empty_space]<div class=\"bauer-text clearfix \" style=\"margin-bottom:48px;\"><p style=\"text-align: justify;\">Somos un importante proveedor de la industria de la construcci\u00f3n ligera y una ventanilla \u00fanica para una completa soluci\u00f3n de enmarcado de pared y techos. Los innovadores sistemas de construcci\u00f3n ligera incluyen paneles de yeso, sistemas de estructura de acero para paredes y techos, revestimientos decorativos y ac\u00fasticos de paredes y techos, revestimientos de fachadas y compuestos de acabado de yeso y accesorios para aplicaciones internas.<\/p>\n<\/div>[\/vc_column_inner][vc_column_inner width=\u00bb1\/2&#8243;][vc_single_image image=\u00bb9574&#8243; style=\u00bbvc_box_circle_2&#8243;][\/vc_column_inner][\/vc_row_inner]\r\n\t<div class=\"bauer-spacer clearfix\" data-desktop=\"70\" data-mobi=\"50\" data-smobi=\"50\"><\/div>\r\n\t<div class=\"bauer-spacer clearfix\" data-desktop=\"100\" data-mobi=\"60\" data-smobi=\"60\"><\/div>[\/vc_column][\/vc_row][vc_row el_class=\u00bbhas-scroll-arrow\u00bb css=\u00bb.vc_custom_1557739268425{background: #f7f9fa url(https:\/\/ecoyeso.com.py\/wp-content\/uploads\/2019\/05\/section-bg2-1.png?id=7979) !important;}\u00bb][vc_column]\r\n\t<div class=\"bauer-spacer clearfix\" data-desktop=\"94\" data-mobi=\"60\" data-smobi=\"60\"><\/div><h2 class=\"bauer-text clearfix text-center\" style=\"font-size:42px;line-height:50px;max-width:730px;margin-left: auto; margin-right: auto;\"><p>Pasos para realizar tu compra con nosotros<\/p>\n<\/h2>\r\n\t<div class=\"bauer-spacer clearfix\" data-desktop=\"70\" data-mobi=\"40\" data-smobi=\"40\"><\/div><div class=\"bauer-step-box \"><div class=\"step-wrap clearfix\"><div class=\"number-box col-4\" style=\"\"><div class=\"text-item\"><div class=\"number\">1<\/div><h3 class=\"heading\" style=\"\">Paso<br>\n1<\/h3><div class=\"desc\" style=\"\">El cliente nos contacta por medio de whatstapp, facebook, instagram o bien en alguna de las l\u00edneas que tenemos disponibles para atenci\u00f3n.<\/div><\/div><\/div><div class=\"number-box col-4\" style=\"\"><div class=\"text-item\"><div class=\"number\">2<\/div><h3 class=\"heading\" style=\"\">Paso<br>\n2<\/h3><div class=\"desc\" style=\"\">Ecoyeso da la bienvenida y procede a solicitar especificaci\u00f3n del requerimiento del cliente (En este caso pueden ser productos propios o bien otros productos).<\/div><\/div><\/div><div class=\"number-box col-4\" style=\"\"><div class=\"text-item\"><div class=\"number\">3<\/div><h3 class=\"heading\" style=\"\">Paso<br>\n3<\/h3><div class=\"desc\" style=\"\">En base a las especificaciones del cliente Ecoyeso procede a realizar la cotizaci\u00f3n correspondiente y la comparte con el cliente por los medios oficiales.<\/div><\/div><\/div><div class=\"number-box col-4\" style=\"last\"><div class=\"text-item\"><div class=\"number\">4<\/div><h3 class=\"heading\" style=\"\">Paso<br>\n4<\/h3><div class=\"desc\" style=\"\">El cliente acepta la cotizaci\u00f3n y se procede a realizar el proceso de compra venta en donde una persona calificada lo gu\u00eda en el proceso y se asegura de aclarar todas las dudas.<\/div><\/div><\/div><\/div><\/div>\r\n\t<div class=\"bauer-spacer clearfix\" data-desktop=\"100\" data-mobi=\"60\" data-smobi=\"60\"><\/div>[\/vc_column][\/vc_row][vc_row css=\u00bb.vc_custom_1558767557488{background: #f7f9fa url(https:\/\/ecoyeso.com.py\/wp-content\/uploads\/2019\/05\/main-bg-3.png?id=8868) !important;}\u00bb][vc_column]\r\n\t<div class=\"bauer-spacer clearfix\" data-desktop=\"94\" data-mobi=\"60\" data-smobi=\"60\"><\/div><h2 class=\"bauer-text clearfix text-center\" style=\"font-size:42px;line-height:50px;margin-bottom:30px;max-width:530px;margin-left: auto; margin-right: auto;\"><p>Lo que nuestros clientes dicen de nosotros<\/p>\n<\/h2><div class=\"bauer-text clearfix text-center\" style=\"font-size:18px;line-height:30px;color:#414042;max-width:730px;margin-left: auto; margin-right: auto;\"><p>En EcoYeso la satisfacci\u00f3n del cliente es nuestro objetivo final. Vea lo que los clientes\u00a0 tienen que decir sobre una variedad de servicios\u00a0 y productos que brindamos para sus proyectos.<\/p>\n<\/div>\r\n\t<div class=\"bauer-spacer clearfix\" data-desktop=\"70\" data-mobi=\"40\" data-smobi=\"40\"><\/div><div class=\"bauer-carousel-box arrow-style-1 arrow-center offsetcenter offset-v0 has-bullets arrow50\" data-auto=\"false\" data-loop=\"false\" data-gap=\"30\" data-column=\"3\" data-column2=\"2\" data-column3=\"1\">\r\n        <div class=\"owl-carousel owl-theme\"><div class=\"bauer-testimonials light clearfix style-1 simple\" style=\"\">\r\n        <div class=\"inner\" style=\"padding:38px 30px 30px 30px;border-radius:5px;\">\r\n\t    <div class=\"image-wrap\">\r\n\t    \t<div class=\"thumb\" style=\"max-width:100px;margin-bottom:26px;\"><img loading=\"lazy\" decoding=\"async\" width=\"1280\" height=\"1280\" src=\"https:\/\/ecoyeso.com.py\/wp-content\/uploads\/2022\/05\/1-Foto.jpeg\" class=\"attachment-full size-full\" alt=\"\" srcset=\"https:\/\/ecoyeso.com.py\/wp-content\/uploads\/2022\/05\/1-Foto.jpeg 1280w, https:\/\/ecoyeso.com.py\/wp-content\/uploads\/2022\/05\/1-Foto-300x300.jpeg 300w, https:\/\/ecoyeso.com.py\/wp-content\/uploads\/2022\/05\/1-Foto-1024x1024.jpeg 1024w, https:\/\/ecoyeso.com.py\/wp-content\/uploads\/2022\/05\/1-Foto-150x150.jpeg 150w, https:\/\/ecoyeso.com.py\/wp-content\/uploads\/2022\/05\/1-Foto-768x768.jpeg 768w, https:\/\/ecoyeso.com.py\/wp-content\/uploads\/2022\/05\/1-Foto-600x600.jpeg 600w, https:\/\/ecoyeso.com.py\/wp-content\/uploads\/2022\/05\/1-Foto-870x870.jpeg 870w, https:\/\/ecoyeso.com.py\/wp-content\/uploads\/2022\/05\/1-Foto-640x640.jpeg 640w, https:\/\/ecoyeso.com.py\/wp-content\/uploads\/2022\/05\/1-Foto-480x480.jpeg 480w, https:\/\/ecoyeso.com.py\/wp-content\/uploads\/2022\/05\/1-Foto-140x140.jpeg 140w, https:\/\/ecoyeso.com.py\/wp-content\/uploads\/2022\/05\/1-Foto-550x550.jpeg 550w, https:\/\/ecoyeso.com.py\/wp-content\/uploads\/2022\/05\/1-Foto-100x100.jpeg 100w\" sizes=\"auto, (max-width: 1280px) 100vw, 1280px\" \/><\/div>\r\n\t    <\/div>\r\n\t    <div class=\"name-wrap\" style=\"margin-bottom:18px;\">\r\n\t    \t<div class=\"name-pos\" style=\"\"><h6 class=\"name\" style=\"\"><span>Melina D\u00edaz<\/span><\/h6> <\/div>\r\n\t    <\/div>\r\n\t    <div class=\"text-wrap\">\r\n\t    <blockquote class=\"text\" style=\"font-style:normal;\"><p style=\"margin-bottom: 32px; font-size: 14px; line-height: 25px;\">Soy cliente desde hace unos cuantos meses, puedo garantizar que la atenci\u00f3n es excelente.Tambi\u00e9n cuentan con un material de Yeso muy bueno y el costo de las placas accesibles, la instalaci\u00f3n que me realizaron muy confiable.<br \/>\nComo cliente estoy m\u00e1s que satisfecha con ECO Yeso.<\/p>\n<\/blockquote>\r\n\t    <\/div>\r\n    <\/div>\r\n    <\/div><div class=\"bauer-testimonials light clearfix style-1 simple\" style=\"\">\r\n        <div class=\"inner\" style=\"padding:38px 30px 30px 30px;border-radius:5px;\">\r\n\t    <div class=\"image-wrap\">\r\n\t    \t<div class=\"thumb\" style=\"max-width:100px;margin-bottom:26px;\"><img loading=\"lazy\" decoding=\"async\" width=\"812\" height=\"859\" src=\"https:\/\/ecoyeso.com.py\/wp-content\/uploads\/2022\/05\/Foto-3.png\" class=\"attachment-full size-full\" alt=\"\" srcset=\"https:\/\/ecoyeso.com.py\/wp-content\/uploads\/2022\/05\/Foto-3.png 812w, https:\/\/ecoyeso.com.py\/wp-content\/uploads\/2022\/05\/Foto-3-284x300.png 284w, https:\/\/ecoyeso.com.py\/wp-content\/uploads\/2022\/05\/Foto-3-768x812.png 768w, https:\/\/ecoyeso.com.py\/wp-content\/uploads\/2022\/05\/Foto-3-640x677.png 640w, https:\/\/ecoyeso.com.py\/wp-content\/uploads\/2022\/05\/Foto-3-480x508.png 480w, https:\/\/ecoyeso.com.py\/wp-content\/uploads\/2022\/05\/Foto-3-550x582.png 550w\" sizes=\"auto, (max-width: 812px) 100vw, 812px\" \/><\/div>\r\n\t    <\/div>\r\n\t    <div class=\"name-wrap\" style=\"margin-bottom:18px;\">\r\n\t    \t<div class=\"name-pos\" style=\"\"><h6 class=\"name\" style=\"\"><span>Mishelle G\u00f3mez<\/span><\/h6> <\/div>\r\n\t    <\/div>\r\n\t    <div class=\"text-wrap\">\r\n\t    <blockquote class=\"text\" style=\"font-style:normal;\"><p>Buen\u00edsima atenci\u00f3n, precios accesibles buenos trabajos . Recomendado !!<\/p>\n<\/blockquote>\r\n\t    <\/div>\r\n    <\/div>\r\n    <\/div><div class=\"bauer-testimonials light clearfix style-1 simple\" style=\"\">\r\n        <div class=\"inner\" style=\"padding:38px 30px 30px 30px;border-radius:5px;\">\r\n\t    <div class=\"image-wrap\">\r\n\t    \t<div class=\"thumb\" style=\"max-width:100px;margin-bottom:26px;\"><img loading=\"lazy\" decoding=\"async\" width=\"769\" height=\"891\" src=\"https:\/\/ecoyeso.com.py\/wp-content\/uploads\/2022\/05\/Foto-5.png\" class=\"attachment-full size-full\" alt=\"\" srcset=\"https:\/\/ecoyeso.com.py\/wp-content\/uploads\/2022\/05\/Foto-5.png 769w, https:\/\/ecoyeso.com.py\/wp-content\/uploads\/2022\/05\/Foto-5-259x300.png 259w, https:\/\/ecoyeso.com.py\/wp-content\/uploads\/2022\/05\/Foto-5-640x742.png 640w, https:\/\/ecoyeso.com.py\/wp-content\/uploads\/2022\/05\/Foto-5-480x556.png 480w, https:\/\/ecoyeso.com.py\/wp-content\/uploads\/2022\/05\/Foto-5-550x637.png 550w\" sizes=\"auto, (max-width: 769px) 100vw, 769px\" \/><\/div>\r\n\t    <\/div>\r\n\t    <div class=\"name-wrap\" style=\"margin-bottom:18px;\">\r\n\t    \t<div class=\"name-pos\" style=\"\"><h6 class=\"name\" style=\"\"><span>Jovino Barreto<\/span><\/h6> <\/div>\r\n\t    <\/div>\r\n\t    <div class=\"text-wrap\">\r\n\t    <blockquote class=\"text\" style=\"font-style:normal;\"><p style=\"margin-bottom: 32px; font-size: 14px; line-height: 25px;\">Hace 5 a\u00f1os que trabajo con la empresa eco yeso y tienen los mejores materiales excelente calidad.<\/p>\n<\/blockquote>\r\n\t    <\/div>\r\n    <\/div>\r\n    <\/div><\/div>\r\n\t<\/div>\r\n\t<div class=\"bauer-spacer clearfix\" data-desktop=\"50\" data-mobi=\"50\" data-smobi=\"50\"><\/div>[\/vc_column][\/vc_row][vc_row css=\u00bb.vc_custom_1650479494905{background-image: url(https:\/\/ecoyeso.com.py\/wp-content\/uploads\/2022\/04\/Ecoyeso-Pared-modified-1.jpeg?id=9622) !important;background-position: center !important;background-repeat: no-repeat !important;background-size: cover !important;}\u00bb][vc_column]\r\n\t<div class=\"bauer-spacer clearfix\" data-desktop=\"94\" data-mobi=\"60\" data-smobi=\"60\"><\/div><h2 class=\"bauer-text clearfix text-center\" style=\"font-size:42px;line-height:50px;color:#ffffff;margin-bottom:30px;\"><p><span class=\"font-weight-300\">Llamanos<\/span><\/p>\n<\/h2><div class=\"bauer-text clearfix text-center\" style=\"font-size:18px;line-height:30px;color:#ffffff;max-width:890px;margin-left: auto; margin-right: auto;\"><p>Cuando nos contrata para los servicios de construcci\u00f3n, sabe que est\u00e1 obteniendo profesionales altamente calificados que tienen los conocimientos y la experiencia para asegurarse de que su proyecto se realice correctamente.<\/p>\n<\/div>\r\n\t<div class=\"bauer-spacer clearfix\" data-desktop=\"50\" data-mobi=\"30\" data-smobi=\"30\"><\/div><div class=\"bauer-align-box text-center\"><div class=\"button-wrap icon-right\" style=\"\" ><a href=\"https:\/\/ecoyeso.com.py\/index.php\/contact-us\/\" target=\"_self\" class=\"bauer-button btn-1142937415 medium no_icon accent\" style=\"border-radius:30px;\"  data-text=\"#ffffff\">\r\n\t\t<span style=\"\">Contacto <\/span>\r\n\t<\/a><\/div><\/div>\r\n\t<div class=\"bauer-spacer clearfix\" data-desktop=\"100\" data-mobi=\"60\" data-smobi=\"60\"><\/div>[\/vc_column][\/vc_row]<\/p>\n","protected":false},"excerpt":{"rendered":"<p>[vc_row][vc_column][rev_slider_vc alias=\u00bbslider-4&#8243;][\/vc_column][\/vc_row][vc_row css=\u00bb.vc_custom_1557802417323{background-image: url(https:\/\/ecoyeso.com.py\/wp-content\/uploads\/2019\/05\/section-about.png?id=8046) !important;background-position: center !important;background-repeat: no-repeat !important;background-size: cover !important;}\u00bb][vc_column][vc_row_inner][vc_column_inner width=\u00bb1\/2&#8243;][\/vc_column_inner][vc_column_inner width=\u00bb1\/2&#8243;][\/vc_column_inner][\/vc_row_inner][\/vc_column][\/vc_row][vc_row css=\u00bb.vc_custom_1650479171799{background-image: url(https:\/\/ecoyeso.com.py\/wp-content\/uploads\/2022\/04\/Ecoyeso-Fondo-1-modified.jpeg?id=9618) !important;background-position: center !important;background-repeat: no-repeat !important;background-size: cover !important;}\u00bb][vc_column][\/vc_column][\/vc_row][vc_row fullwidth=\u00bbyes\u00bb css=\u00bb.vc_custom_1557803188334{background-color: #f7f9fa !important;}\u00bb][vc_column][\/vc_column][\/vc_row][vc_row css=\u00bb.vc_custom_1557825100635{background-image: url(https:\/\/ecoyeso.com.py\/wp-content\/uploads\/2019\/05\/section-bg1-2.png?id=8072) !important;background-position: center !important;background-repeat: no-repeat !important;background-size: cover !important;}\u00bb][vc_column][vc_row_inner][vc_column_inner width=\u00bb1\/2&#8243;][vc_empty_space][vc_empty_space][\/vc_column_inner][vc_column_inner width=\u00bb1\/2&#8243;][vc_single_image image=\u00bb9574&#8243; style=\u00bbvc_box_circle_2&#8243;][\/vc_column_inner][\/vc_row_inner][\/vc_column][\/vc_row][vc_row el_class=\u00bbhas-scroll-arrow\u00bb css=\u00bb.vc_custom_1557739268425{background: #f7f9fa url(https:\/\/ecoyeso.com.py\/wp-content\/uploads\/2019\/05\/section-bg2-1.png?id=7979) !important;}\u00bb][vc_column][\/vc_column][\/vc_row][vc_row css=\u00bb.vc_custom_1558767557488{background: #f7f9fa url(https:\/\/ecoyeso.com.py\/wp-content\/uploads\/2019\/05\/main-bg-3.png?id=8868) !important;}\u00bb][vc_column][\/vc_column][\/vc_row][vc_row css=\u00bb.vc_custom_1650479494905{background-image: url(https:\/\/ecoyeso.com.py\/wp-content\/uploads\/2022\/04\/Ecoyeso-Pared-modified-1.jpeg?id=9622)<\/p>\n","protected":false},"author":1,"featured_media":0,"parent":0,"menu_order":0,"comment_status":"closed","ping_status":"closed","template":"","meta":{"_monsterinsights_skip_tracking":false,"_monsterinsights_sitenote_active":false,"_monsterinsights_sitenote_note":"","_monsterinsights_sitenote_category":0,"footnotes":""},"class_list":["post-8011","page","type-page","status-publish","hentry"],"_links":{"self":[{"href":"https:\/\/ecoyeso.com.py\/index.php\/wp-json\/wp\/v2\/pages\/8011","targetHints":{"allow":["GET"]}}],"collection":[{"href":"https:\/\/ecoyeso.com.py\/index.php\/wp-json\/wp\/v2\/pages"}],"about":[{"href":"https:\/\/ecoyeso.com.py\/index.php\/wp-json\/wp\/v2\/types\/page"}],"author":[{"embeddable":true,"href":"https:\/\/ecoyeso.com.py\/index.php\/wp-json\/wp\/v2\/users\/1"}],"replies":[{"embeddable":true,"href":"https:\/\/ecoyeso.com.py\/index.php\/wp-json\/wp\/v2\/comments?post=8011"}],"version-history":[{"count":117,"href":"https:\/\/ecoyeso.com.py\/index.php\/wp-json\/wp\/v2\/pages\/8011\/revisions"}],"predecessor-version":[{"id":9966,"href":"https:\/\/ecoyeso.com.py\/index.php\/wp-json\/wp\/v2\/pages\/8011\/revisions\/9966"}],"wp:attachment":[{"href":"https:\/\/ecoyeso.com.py\/index.php\/wp-json\/wp\/v2\/media?parent=8011"}],"curies":[{"name":"wp","href":"https:\/\/api.w.org\/{rel}","templated":true}]}}